{"id":13527,"date":"2026-03-09T09:13:14","date_gmt":"2026-03-09T09:13:14","guid":{"rendered":"https:\/\/distinctlyspecial.shop\/?post_type=product&#038;p=13527"},"modified":"2026-03-09T11:44:14","modified_gmt":"2026-03-09T11:44:14","slug":"adjustable-posture-corrector-back-brace-shoulder-straightener-with-shoulder-support-for-back-pain-relief-for-men-and-women-belts","status":"publish","type":"product","link":"https:\/\/distinctlyspecial.shop\/es\/producto\/adjustable-posture-corrector-back-brace-shoulder-straightener-with-shoulder-support-for-back-pain-relief-for-men-and-women-belts\/","title":{"rendered":"Corrector de Postura Ajustable Cors\u00e9 para la Espalda Enderezador de Hombros con Soporte para los Hombros para el Alivio del Dolor de Espalda para Hombres y Mujeres Cinturones"},"content":{"rendered":"<div data-elementor-type=\"product-post\" data-elementor-id=\"13527\" class=\"elementor elementor-13527\" data-elementor-post-type=\"product\">\n\t\t\t\t<div class=\"elementor-element elementor-element-4d1e1132 e-flex e-con-boxed e-con e-parent\" data-id=\"4d1e1132\" data-element_type=\"container\" data-e-type=\"container\" data-settings=\"{&quot;ekit_has_onepagescroll_dot&quot;:&quot;yes&quot;}\">\n\t\t\t\t\t<div class=\"e-con-inner\">\n\t\t\t\t<div class=\"elementor-element elementor-element-52c39ef elementor-widget elementor-widget-image\" data-id=\"52c39ef\" data-element_type=\"widget\" data-e-type=\"widget\" data-settings=\"{&quot;ekit_we_effect_on&quot;:&quot;none&quot;}\" data-widget_type=\"image.default\">\n\t\t\t\t<div class=\"elementor-widget-container\">\n\t\t\t\t\t\t\t\t\t\t\t\t\t\t\t<img loading=\"lazy\" decoding=\"async\" width=\"1000\" height=\"1914\" src=\"https:\/\/distinctlyspecial.shop\/wp-content\/uploads\/2026\/03\/1.webp\" class=\"attachment-full size-full wp-image-13539 wvs-archive-product-image\" alt=\"\" srcset=\"https:\/\/distinctlyspecial.shop\/wp-content\/uploads\/2026\/03\/1.webp 1000w, https:\/\/distinctlyspecial.shop\/wp-content\/uploads\/2026\/03\/1-157x300.webp 157w, https:\/\/distinctlyspecial.shop\/wp-content\/uploads\/2026\/03\/1-535x1024.webp 535w, https:\/\/distinctlyspecial.shop\/wp-content\/uploads\/2026\/03\/1-768x1470.webp 768w, https:\/\/distinctlyspecial.shop\/wp-content\/uploads\/2026\/03\/1-803x1536.webp 803w, https:\/\/distinctlyspecial.shop\/wp-content\/uploads\/2026\/03\/1-6x12.webp 6w, https:\/\/distinctlyspecial.shop\/wp-content\/uploads\/2026\/03\/1-600x1148.webp 600w, https:\/\/distinctlyspecial.shop\/wp-content\/uploads\/2026\/03\/1-1x1.webp 1w, https:\/\/distinctlyspecial.shop\/wp-content\/uploads\/2026\/03\/1-5x10.webp 5w\" sizes=\"auto, (max-width: 1000px) 100vw, 1000px\" \/>\t\t\t\t\t\t\t\t\t\t\t\t\t\t\t<\/div>\n\t\t\t\t<\/div>\n\t\t\t\t<div class=\"elementor-element elementor-element-640b6776 elementor-widget elementor-widget-image\" data-id=\"640b6776\" data-element_type=\"widget\" data-e-type=\"widget\" data-settings=\"{&quot;ekit_we_effect_on&quot;:&quot;none&quot;}\" data-widget_type=\"image.default\">\n\t\t\t\t<div class=\"elementor-widget-container\">\n\t\t\t\t\t\t\t\t\t\t\t\t\t\t\t<img loading=\"lazy\" decoding=\"async\" width=\"1000\" height=\"1229\" src=\"https:\/\/distinctlyspecial.shop\/wp-content\/uploads\/2026\/03\/2-1.webp\" class=\"attachment-full size-full wp-image-13540 wvs-archive-product-image\" alt=\"\" srcset=\"https:\/\/distinctlyspecial.shop\/wp-content\/uploads\/2026\/03\/2-1.webp 1000w, https:\/\/distinctlyspecial.shop\/wp-content\/uploads\/2026\/03\/2-1-244x300.webp 244w, https:\/\/distinctlyspecial.shop\/wp-content\/uploads\/2026\/03\/2-1-833x1024.webp 833w, https:\/\/distinctlyspecial.shop\/wp-content\/uploads\/2026\/03\/2-1-768x944.webp 768w, https:\/\/distinctlyspecial.shop\/wp-content\/uploads\/2026\/03\/2-1-10x12.webp 10w, https:\/\/distinctlyspecial.shop\/wp-content\/uploads\/2026\/03\/2-1-600x737.webp 600w, https:\/\/distinctlyspecial.shop\/wp-content\/uploads\/2026\/03\/2-1-1x1.webp 1w, https:\/\/distinctlyspecial.shop\/wp-content\/uploads\/2026\/03\/2-1-8x10.webp 8w\" sizes=\"auto, (max-width: 1000px) 100vw, 1000px\" \/>\t\t\t\t\t\t\t\t\t\t\t\t\t\t\t<\/div>\n\t\t\t\t<\/div>\n\t\t\t\t<div class=\"elementor-element elementor-element-46b817f1 elementor-widget elementor-widget-image\" data-id=\"46b817f1\" data-element_type=\"widget\" data-e-type=\"widget\" data-settings=\"{&quot;ekit_we_effect_on&quot;:&quot;none&quot;}\" data-widget_type=\"image.default\">\n\t\t\t\t<div class=\"elementor-widget-container\">\n\t\t\t\t\t\t\t\t\t\t\t\t\t\t\t<img loading=\"lazy\" decoding=\"async\" width=\"1000\" height=\"1788\" src=\"https:\/\/distinctlyspecial.shop\/wp-content\/uploads\/2026\/03\/3-1.webp\" class=\"attachment-full size-full wp-image-13541 wvs-archive-product-image\" alt=\"\" srcset=\"https:\/\/distinctlyspecial.shop\/wp-content\/uploads\/2026\/03\/3-1.webp 1000w, https:\/\/distinctlyspecial.shop\/wp-content\/uploads\/2026\/03\/3-1-168x300.webp 168w, https:\/\/distinctlyspecial.shop\/wp-content\/uploads\/2026\/03\/3-1-573x1024.webp 573w, https:\/\/distinctlyspecial.shop\/wp-content\/uploads\/2026\/03\/3-1-768x1373.webp 768w, https:\/\/distinctlyspecial.shop\/wp-content\/uploads\/2026\/03\/3-1-859x1536.webp 859w, https:\/\/distinctlyspecial.shop\/wp-content\/uploads\/2026\/03\/3-1-7x12.webp 7w, https:\/\/distinctlyspecial.shop\/wp-content\/uploads\/2026\/03\/3-1-600x1073.webp 600w, https:\/\/distinctlyspecial.shop\/wp-content\/uploads\/2026\/03\/3-1-1x1.webp 1w, https:\/\/distinctlyspecial.shop\/wp-content\/uploads\/2026\/03\/3-1-6x10.webp 6w\" sizes=\"auto, (max-width: 1000px) 100vw, 1000px\" \/>\t\t\t\t\t\t\t\t\t\t\t\t\t\t\t<\/div>\n\t\t\t\t<\/div>\n\t\t\t\t<div class=\"elementor-element elementor-element-14b64862 elementor-widget elementor-widget-image\" data-id=\"14b64862\" data-element_type=\"widget\" data-e-type=\"widget\" data-settings=\"{&quot;ekit_we_effect_on&quot;:&quot;none&quot;}\" data-widget_type=\"image.default\">\n\t\t\t\t<div class=\"elementor-widget-container\">\n\t\t\t\t\t\t\t\t\t\t\t\t\t\t\t<img loading=\"lazy\" decoding=\"async\" width=\"1000\" height=\"1689\" src=\"https:\/\/distinctlyspecial.shop\/wp-content\/uploads\/2026\/03\/4-1.webp\" class=\"attachment-full size-full wp-image-13542 wvs-archive-product-image\" alt=\"\" srcset=\"https:\/\/distinctlyspecial.shop\/wp-content\/uploads\/2026\/03\/4-1.webp 1000w, https:\/\/distinctlyspecial.shop\/wp-content\/uploads\/2026\/03\/4-1-178x300.webp 178w, https:\/\/distinctlyspecial.shop\/wp-content\/uploads\/2026\/03\/4-1-606x1024.webp 606w, https:\/\/distinctlyspecial.shop\/wp-content\/uploads\/2026\/03\/4-1-768x1297.webp 768w, https:\/\/distinctlyspecial.shop\/wp-content\/uploads\/2026\/03\/4-1-909x1536.webp 909w, https:\/\/distinctlyspecial.shop\/wp-content\/uploads\/2026\/03\/4-1-7x12.webp 7w, https:\/\/distinctlyspecial.shop\/wp-content\/uploads\/2026\/03\/4-1-600x1013.webp 600w, https:\/\/distinctlyspecial.shop\/wp-content\/uploads\/2026\/03\/4-1-1x1.webp 1w, https:\/\/distinctlyspecial.shop\/wp-content\/uploads\/2026\/03\/4-1-6x10.webp 6w\" sizes=\"auto, (max-width: 1000px) 100vw, 1000px\" \/>\t\t\t\t\t\t\t\t\t\t\t\t\t\t\t<\/div>\n\t\t\t\t<\/div>\n\t\t\t\t<div class=\"elementor-element elementor-element-7c1912fa elementor-widget elementor-widget-image\" data-id=\"7c1912fa\" data-element_type=\"widget\" data-e-type=\"widget\" data-settings=\"{&quot;ekit_we_effect_on&quot;:&quot;none&quot;}\" data-widget_type=\"image.default\">\n\t\t\t\t<div class=\"elementor-widget-container\">\n\t\t\t\t\t\t\t\t\t\t\t\t\t\t\t<img loading=\"lazy\" decoding=\"async\" width=\"1000\" height=\"1613\" src=\"https:\/\/distinctlyspecial.shop\/wp-content\/uploads\/2026\/03\/5-1.webp\" class=\"attachment-full size-full wp-image-13543 wvs-archive-product-image\" alt=\"\" srcset=\"https:\/\/distinctlyspecial.shop\/wp-content\/uploads\/2026\/03\/5-1.webp 1000w, https:\/\/distinctlyspecial.shop\/wp-content\/uploads\/2026\/03\/5-1-186x300.webp 186w, https:\/\/distinctlyspecial.shop\/wp-content\/uploads\/2026\/03\/5-1-635x1024.webp 635w, https:\/\/distinctlyspecial.shop\/wp-content\/uploads\/2026\/03\/5-1-768x1239.webp 768w, https:\/\/distinctlyspecial.shop\/wp-content\/uploads\/2026\/03\/5-1-952x1536.webp 952w, https:\/\/distinctlyspecial.shop\/wp-content\/uploads\/2026\/03\/5-1-7x12.webp 7w, https:\/\/distinctlyspecial.shop\/wp-content\/uploads\/2026\/03\/5-1-600x968.webp 600w, https:\/\/distinctlyspecial.shop\/wp-content\/uploads\/2026\/03\/5-1-1x1.webp 1w, https:\/\/distinctlyspecial.shop\/wp-content\/uploads\/2026\/03\/5-1-6x10.webp 6w\" sizes=\"auto, (max-width: 1000px) 100vw, 1000px\" \/>\t\t\t\t\t\t\t\t\t\t\t\t\t\t\t<\/div>\n\t\t\t\t<\/div>\n\t\t\t\t<div class=\"elementor-element elementor-element-761e2090 elementor-widget elementor-widget-image\" data-id=\"761e2090\" data-element_type=\"widget\" data-e-type=\"widget\" data-settings=\"{&quot;ekit_we_effect_on&quot;:&quot;none&quot;}\" data-widget_type=\"image.default\">\n\t\t\t\t<div class=\"elementor-widget-container\">\n\t\t\t\t\t\t\t\t\t\t\t\t\t\t\t<img loading=\"lazy\" decoding=\"async\" width=\"1000\" height=\"1897\" src=\"https:\/\/distinctlyspecial.shop\/wp-content\/uploads\/2026\/03\/6.webp\" class=\"attachment-full size-full wp-image-13544 wvs-archive-product-image\" alt=\"\" srcset=\"https:\/\/distinctlyspecial.shop\/wp-content\/uploads\/2026\/03\/6.webp 1000w, https:\/\/distinctlyspecial.shop\/wp-content\/uploads\/2026\/03\/6-158x300.webp 158w, https:\/\/distinctlyspecial.shop\/wp-content\/uploads\/2026\/03\/6-540x1024.webp 540w, https:\/\/distinctlyspecial.shop\/wp-content\/uploads\/2026\/03\/6-768x1457.webp 768w, https:\/\/distinctlyspecial.shop\/wp-content\/uploads\/2026\/03\/6-810x1536.webp 810w, https:\/\/distinctlyspecial.shop\/wp-content\/uploads\/2026\/03\/6-6x12.webp 6w, https:\/\/distinctlyspecial.shop\/wp-content\/uploads\/2026\/03\/6-600x1138.webp 600w, https:\/\/distinctlyspecial.shop\/wp-content\/uploads\/2026\/03\/6-1x1.webp 1w, https:\/\/distinctlyspecial.shop\/wp-content\/uploads\/2026\/03\/6-5x10.webp 5w\" sizes=\"auto, (max-width: 1000px) 100vw, 1000px\" \/>\t\t\t\t\t\t\t\t\t\t\t\t\t\t\t<\/div>\n\t\t\t\t<\/div>\n\t\t\t\t<div class=\"elementor-element elementor-element-7e393615 elementor-widget elementor-widget-image\" data-id=\"7e393615\" data-element_type=\"widget\" data-e-type=\"widget\" data-settings=\"{&quot;ekit_we_effect_on&quot;:&quot;none&quot;}\" data-widget_type=\"image.default\">\n\t\t\t\t<div class=\"elementor-widget-container\">\n\t\t\t\t\t\t\t\t\t\t\t\t\t\t\t<img loading=\"lazy\" decoding=\"async\" width=\"1000\" height=\"1797\" src=\"https:\/\/distinctlyspecial.shop\/wp-content\/uploads\/2026\/03\/7.webp\" class=\"attachment-full size-full wp-image-13545 wvs-archive-product-image\" alt=\"\" srcset=\"https:\/\/distinctlyspecial.shop\/wp-content\/uploads\/2026\/03\/7.webp 1000w, https:\/\/distinctlyspecial.shop\/wp-content\/uploads\/2026\/03\/7-167x300.webp 167w, https:\/\/distinctlyspecial.shop\/wp-content\/uploads\/2026\/03\/7-570x1024.webp 570w, https:\/\/distinctlyspecial.shop\/wp-content\/uploads\/2026\/03\/7-768x1380.webp 768w, https:\/\/distinctlyspecial.shop\/wp-content\/uploads\/2026\/03\/7-855x1536.webp 855w, https:\/\/distinctlyspecial.shop\/wp-content\/uploads\/2026\/03\/7-7x12.webp 7w, https:\/\/distinctlyspecial.shop\/wp-content\/uploads\/2026\/03\/7-600x1078.webp 600w, https:\/\/distinctlyspecial.shop\/wp-content\/uploads\/2026\/03\/7-1x1.webp 1w, https:\/\/distinctlyspecial.shop\/wp-content\/uploads\/2026\/03\/7-6x10.webp 6w\" sizes=\"auto, (max-width: 1000px) 100vw, 1000px\" \/>\t\t\t\t\t\t\t\t\t\t\t\t\t\t\t<\/div>\n\t\t\t\t<\/div>\n\t\t\t\t<div class=\"elementor-element elementor-element-4f1fac6b elementor-widget elementor-widget-image\" data-id=\"4f1fac6b\" data-element_type=\"widget\" data-e-type=\"widget\" data-settings=\"{&quot;ekit_we_effect_on&quot;:&quot;none&quot;}\" data-widget_type=\"image.default\">\n\t\t\t\t<div class=\"elementor-widget-container\">\n\t\t\t\t\t\t\t\t\t\t\t\t\t\t\t<img loading=\"lazy\" decoding=\"async\" width=\"1000\" height=\"1772\" src=\"https:\/\/distinctlyspecial.shop\/wp-content\/uploads\/2026\/03\/8.webp\" class=\"attachment-full size-full wp-image-13546 wvs-archive-product-image\" alt=\"\" srcset=\"https:\/\/distinctlyspecial.shop\/wp-content\/uploads\/2026\/03\/8.webp 1000w, https:\/\/distinctlyspecial.shop\/wp-content\/uploads\/2026\/03\/8-169x300.webp 169w, https:\/\/distinctlyspecial.shop\/wp-content\/uploads\/2026\/03\/8-578x1024.webp 578w, https:\/\/distinctlyspecial.shop\/wp-content\/uploads\/2026\/03\/8-768x1361.webp 768w, https:\/\/distinctlyspecial.shop\/wp-content\/uploads\/2026\/03\/8-867x1536.webp 867w, https:\/\/distinctlyspecial.shop\/wp-content\/uploads\/2026\/03\/8-7x12.webp 7w, https:\/\/distinctlyspecial.shop\/wp-content\/uploads\/2026\/03\/8-600x1063.webp 600w, https:\/\/distinctlyspecial.shop\/wp-content\/uploads\/2026\/03\/8-1x1.webp 1w, https:\/\/distinctlyspecial.shop\/wp-content\/uploads\/2026\/03\/8-6x10.webp 6w\" sizes=\"auto, (max-width: 1000px) 100vw, 1000px\" \/>\t\t\t\t\t\t\t\t\t\t\t\t\t\t\t<\/div>\n\t\t\t\t<\/div>\n\t\t\t\t<div class=\"elementor-element elementor-element-5fe1f4b0 elementor-widget elementor-widget-image\" data-id=\"5fe1f4b0\" data-element_type=\"widget\" data-e-type=\"widget\" data-settings=\"{&quot;ekit_we_effect_on&quot;:&quot;none&quot;}\" data-widget_type=\"image.default\">\n\t\t\t\t<div class=\"elementor-widget-container\">\n\t\t\t\t\t\t\t\t\t\t\t\t\t\t\t<img loading=\"lazy\" decoding=\"async\" width=\"1000\" height=\"1797\" src=\"https:\/\/distinctlyspecial.shop\/wp-content\/uploads\/2026\/03\/9.webp\" class=\"attachment-full size-full wp-image-13547 wvs-archive-product-image\" alt=\"\" srcset=\"https:\/\/distinctlyspecial.shop\/wp-content\/uploads\/2026\/03\/9.webp 1000w, https:\/\/distinctlyspecial.shop\/wp-content\/uploads\/2026\/03\/9-167x300.webp 167w, https:\/\/distinctlyspecial.shop\/wp-content\/uploads\/2026\/03\/9-570x1024.webp 570w, https:\/\/distinctlyspecial.shop\/wp-content\/uploads\/2026\/03\/9-768x1380.webp 768w, https:\/\/distinctlyspecial.shop\/wp-content\/uploads\/2026\/03\/9-855x1536.webp 855w, https:\/\/distinctlyspecial.shop\/wp-content\/uploads\/2026\/03\/9-7x12.webp 7w, https:\/\/distinctlyspecial.shop\/wp-content\/uploads\/2026\/03\/9-600x1078.webp 600w, https:\/\/distinctlyspecial.shop\/wp-content\/uploads\/2026\/03\/9-1x1.webp 1w, https:\/\/distinctlyspecial.shop\/wp-content\/uploads\/2026\/03\/9-6x10.webp 6w\" sizes=\"auto, (max-width: 1000px) 100vw, 1000px\" \/>\t\t\t\t\t\t\t\t\t\t\t\t\t\t\t<\/div>\n\t\t\t\t<\/div>\n\t\t\t\t<div class=\"elementor-element elementor-element-7ed3c439 elementor-widget elementor-widget-image\" data-id=\"7ed3c439\" data-element_type=\"widget\" data-e-type=\"widget\" data-settings=\"{&quot;ekit_we_effect_on&quot;:&quot;none&quot;}\" data-widget_type=\"image.default\">\n\t\t\t\t<div class=\"elementor-widget-container\">\n\t\t\t\t\t\t\t\t\t\t\t\t\t\t\t<img loading=\"lazy\" decoding=\"async\" width=\"1000\" height=\"1613\" src=\"https:\/\/distinctlyspecial.shop\/wp-content\/uploads\/2026\/03\/10.webp\" class=\"attachment-full size-full wp-image-13548 wvs-archive-product-image\" alt=\"\" srcset=\"https:\/\/distinctlyspecial.shop\/wp-content\/uploads\/2026\/03\/10.webp 1000w, https:\/\/distinctlyspecial.shop\/wp-content\/uploads\/2026\/03\/10-186x300.webp 186w, https:\/\/distinctlyspecial.shop\/wp-content\/uploads\/2026\/03\/10-635x1024.webp 635w, https:\/\/distinctlyspecial.shop\/wp-content\/uploads\/2026\/03\/10-768x1239.webp 768w, https:\/\/distinctlyspecial.shop\/wp-content\/uploads\/2026\/03\/10-952x1536.webp 952w, https:\/\/distinctlyspecial.shop\/wp-content\/uploads\/2026\/03\/10-7x12.webp 7w, https:\/\/distinctlyspecial.shop\/wp-content\/uploads\/2026\/03\/10-600x968.webp 600w, https:\/\/distinctlyspecial.shop\/wp-content\/uploads\/2026\/03\/10-1x1.webp 1w, https:\/\/distinctlyspecial.shop\/wp-content\/uploads\/2026\/03\/10-6x10.webp 6w\" sizes=\"auto, (max-width: 1000px) 100vw, 1000px\" \/>\t\t\t\t\t\t\t\t\t\t\t\t\t\t\t<\/div>\n\t\t\t\t<\/div>\n\t\t\t\t<div class=\"elementor-element elementor-element-366fbb6c elementor-widget elementor-widget-text-editor\" data-id=\"366fbb6c\" data-element_type=\"widget\" data-e-type=\"widget\" data-settings=\"{&quot;ekit_we_effect_on&quot;:&quot;none&quot;}\" data-widget_type=\"text-editor.default\">\n\t\t\t\t<div class=\"elementor-widget-container\">\n\t\t\t\t\t\t\t\t\t<table class=\"specs-table\">\n    <tr>\n        <td>Detalles<\/td>\n        <td><\/td>\n    <\/tr>\n    <tr>\n        <td>Producto qu\u00edmico altamente preocupante<\/td>\n        <td><span class=\"none-badge\">Ninguno<\/span><\/td>\n    <\/tr>\n    <tr>\n        <td>N\u00famero de piezas<\/td>\n        <td><span class=\"pieces-badge\">Una unidad<\/span><\/td>\n    <\/tr>\n    <tr>\n        <td>Efecto<\/td>\n        <td><span class=\"effect-badge\">Cuidado de los huesos<\/span><\/td>\n    <\/tr>\n<\/table>\n\n<style>\n    .specs-table {\n        width: 100%;\n        border-collapse: collapse;\n        font-family: 'Segoe UI', Arial, sans-serif;\n        font-size: 14px;\n    }\n    .specs-table tr {\n        border-bottom: 1px solid #e0e0e0;\n    }\n    .specs-table td {\n        padding: 12px 0;\n        text-align: left;\n        vertical-align: top;\n    }\n    .specs-table td:first-child {\n        font-weight: 600;\n        width: 35%;\n        color: #2c3e50;\n    }\n    .specs-table td:last-child {\n        width: 65%;\n    }\n    .none-badge {\n        background-color: #f5f5f5;\n        color: #757575;\n        padding: 8px 16px;\n        border-radius: 4px;\n        font-style: italic;\n        display: inline-block;\n        border: 1px solid #e0e0e0;\n    }\n    .pieces-badge {\n        background-color: #e3f2fd;\n        color: #1565c0;\n        padding: 8px 16px;\n        border-radius: 4px;\n        font-weight: 600;\n        display: inline-block;\n        border: 1px solid #bbdefb;\n    }\n    .effect-badge {\n        background-color: #e8f5e9;\n        color: #2e7d32;\n        padding: 8px 16px;\n        border-radius: 4px;\n        font-weight: 600;\n        display: inline-block;\n        border: 1px solid #c8e6c9;\n    }\n<\/style>\t\t\t\t\t\t\t\t<\/div>\n\t\t\t\t<\/div>\n\t\t\t\t\t<\/div>\n\t\t\t\t<\/div>\n\t\t\t\t<\/div>","protected":false},"excerpt":{"rendered":"<p>Detalles Producto qu\u00edmico de alta preocupaci\u00f3n Ninguno N\u00famero de piezas Una unidad Efecto Cuidado de los huesos<\/p>","protected":false},"featured_media":13528,"comment_status":"open","ping_status":"closed","template":"","meta":{"_acf_changed":false},"etheme_brands":[],"product_brand":[],"product_cat":[118],"product_tag":[],"class_list":{"0":"post-13527","1":"product","2":"type-product","3":"status-publish","4":"has-post-thumbnail","6":"product_cat-sale-shop","8":"first","9":"instock","10":"sale","11":"shipping-taxable","12":"purchasable","13":"product-type-simple"},"acf":[],"_links":{"self":[{"href":"https:\/\/distinctlyspecial.shop\/es\/wp-json\/wp\/v2\/product\/13527","targetHints":{"allow":["GET"]}}],"collection":[{"href":"https:\/\/distinctlyspecial.shop\/es\/wp-json\/wp\/v2\/product"}],"about":[{"href":"https:\/\/distinctlyspecial.shop\/es\/wp-json\/wp\/v2\/types\/product"}],"replies":[{"embeddable":true,"href":"https:\/\/distinctlyspecial.shop\/es\/wp-json\/wp\/v2\/comments?post=13527"}],"version-history":[{"count":4,"href":"https:\/\/distinctlyspecial.shop\/es\/wp-json\/wp\/v2\/product\/13527\/revisions"}],"predecessor-version":[{"id":13554,"href":"https:\/\/distinctlyspecial.shop\/es\/wp-json\/wp\/v2\/product\/13527\/revisions\/13554"}],"wp:featuredmedia":[{"embeddable":true,"href":"https:\/\/distinctlyspecial.shop\/es\/wp-json\/wp\/v2\/media\/13528"}],"wp:attachment":[{"href":"https:\/\/distinctlyspecial.shop\/es\/wp-json\/wp\/v2\/media?parent=13527"}],"wp:term":[{"taxonomy":"brand","embeddable":true,"href":"https:\/\/distinctlyspecial.shop\/es\/wp-json\/wp\/v2\/etheme_brands?post=13527"},{"taxonomy":"product_brand","embeddable":true,"href":"https:\/\/distinctlyspecial.shop\/es\/wp-json\/wp\/v2\/product_brand?post=13527"},{"taxonomy":"product_cat","embeddable":true,"href":"https:\/\/distinctlyspecial.shop\/es\/wp-json\/wp\/v2\/product_cat?post=13527"},{"taxonomy":"product_tag","embeddable":true,"href":"https:\/\/distinctlyspecial.shop\/es\/wp-json\/wp\/v2\/product_tag?post=13527"}],"curies":[{"name":"wp","href":"https:\/\/api.w.org\/{rel}","templated":true}]}}